{"id":59,"date":"2018-08-16T16:13:03","date_gmt":"2018-08-16T16:13:03","guid":{"rendered":"http:\/\/www.jazykovaskola-im.cz\/?page_id=59"},"modified":"2024-09-23T09:23:01","modified_gmt":"2024-09-23T09:23:01","slug":"nas-tym","status":"publish","type":"page","link":"https:\/\/www.jazykovaskola-im.cz\/index.php\/nas-tym\/","title":{"rendered":"N\u00e1\u0161 t\u00fdm"},"content":{"rendered":"<p><strong>Mgr. Ilona Martin\u00e1tov\u00e1\u00a0 \u00a0 \u00a0 \u00a0\u00a0<img loading=\"lazy\" decoding=\"async\" class=\"alignnone size-full wp-image-315\" src=\"http:\/\/www.jazykovaskola-im.cz\/wp-content\/uploads\/2024\/09\/photo_IM.jpg\" alt=\"\" width=\"100\" height=\"100\" \/><\/strong><\/p>\n<p>Je mana\u017eerkou na\u0161eho lektorsk\u00e9ho t\u00fdmu a z\u00e1rove\u0148 lektorkou angli\u010dtiny.<\/p>\n<p>V\u00fdukou anglick\u00e9ho jazyka se zam\u011b\u0159en\u00edm na vzd\u011bl\u00e1v\u00e1n\u00ed dosp\u011bl\u00fdch se zab\u00fdv\u00e1 od roku 2000. V roce 2001 absolvovala magistersk\u00e9 studium oboru Anglistika a amerikanistika na Filosofick\u00e9 fakult\u011b Masarykovy univerzity v Brn\u011b. Je dr\u017eitelkou certifik\u00e1t\u016f vyd\u00e1van\u00fdch Cambridge University (ESOL Examinations &#8211;<a href=\"http:\/\/www.cambridgeesol.org\" target=\"_blank\" rel=\"noopener\"><strong>\u00a0www.cambridgeesol.org<\/strong><\/a>) dokl\u00e1daj\u00edc\u00edch \u00farove\u0148 znalost\u00ed anglick\u00e9ho jazyka \u2013 Certificate in Advanced English (CAE \u2013 1997), Certificate in Proficiency in English (CPE \u2013 2000). V r\u00e1mci studia absolvovala kurzy pedagogick\u00e9ho minima pro v\u00fduku angli\u010dtiny. Rok 2000 str\u00e1vila pracovn\u011b studijn\u00edm pobytem v USA.\u00a0Za dobu sv\u00e9 ji\u017e dvacetilet\u00e9 pedagogick\u00e9 praxe v oboru v\u00fduky angli\u010dtiny spolupracovala s \u0159adou jazykov\u00fdch \u0161kol a firem.<\/p>\n<p>Specializuje se na individu\u00e1ln\u00ed v\u00fduku angli\u010dtiny, kterou pova\u017euje za nejefektivn\u011bj\u0161\u00ed formu v\u00fduky.<\/p>\n<p>Sv\u00e9 znalosti a dovednosti m\u00e1 mo\u017enost st\u00e1le roz\u0161i\u0159ovat d\u00edky sv\u00e9mu <strong>pobytu ve Velk\u00e9 Brit\u00e1nii<\/strong>, kde p\u016fsob\u00ed od roku\u00a02018 jako lektorka angli\u010dtiny pro cizince a nad\u00e1le <strong>vede individu\u00e1ln\u00ed v\u00fduku online<\/strong>.<\/p>\n<p><strong>Na\u0161i lekto\u0159i:<\/strong><\/p>\n<div class=\"post\">\n<div class=\"entry\">\n<p><strong>Gary Boardman<\/strong><\/p>\n<p>Gary Boardman je anglick\u00fd rodil\u00fd mluv\u010d\u00ed. M\u00e1 zku\u0161enosti s v\u00fdukou d\u011bt\u00ed, jeho hlavn\u00ed \u010dinnost\u00ed je v\u0161ak individu\u00e1ln\u00ed v\u00fduka. V roce 2013 z\u00edskal certifik\u00e1t pro v\u00fduku obchodn\u00ed angli\u010dtiny (Oxford Learning Level 3 Diploma in Teaching Business English) a z\u00e1rove\u0148 \u00fasp\u011b\u0161n\u011b absolvoval intenzivn\u00ed kurz TEFL (Teaching English as a Foreign Language).<\/p>\n<p><strong>Martina \u010cerv\u00edkov\u00e1<\/strong><\/p>\n<p>Martina \u010cerv\u00edkov\u00e1 je studentkou koreanistiky na Karlov\u011b univerzit\u011b v Praze a v na\u0161\u00ed \u0161kole vyu\u010duje korej\u0161tinu po Skypu. Je dr\u017eitelkou certifik\u00e1tu Test of Proficiency in Korean (TOPIC), \u00farove\u0148 5, odpov\u00eddaj\u00edc\u00ed znalosti jazyka na \u00farovni C1. M\u00e1 zku\u0161enosti s v\u00fdukou d\u011bt\u00ed i dosp\u011bl\u00fdch. Ve sv\u00e9m voln\u00e9m \u010dase se r\u00e1da v\u011bnuje \u010detb\u011b, sledov\u00e1n\u00ed filmu a h\u0159e na klav\u00edr.<\/p>\n<p><strong>Mgr. Marie Chramostov\u00e1\u00a0\u00a0\u00a0<\/strong><strong>\u00a0 \u00a0 \u00a0 \u00a0 \u00a0 \u00a0 \u00a0 \u00a0 \u00a0 \u00a0 \u00a0 \u00a0 \u00a0 \u00a0 \u00a0 \u00a0 \u00a0 \u00a0 \u00a0 \u00a0 \u00a0 \u00a0 \u00a0 \u00a0 \u00a0 \u00a0 \u00a0 \u00a0 \u00a0 \u00a0 \u00a0 \u00a0 \u00a0 \u00a0 \u00a0 \u00a0 \u00a0 \u00a0 \u00a0 \u00a0 \u00a0 \u00a0 \u00a0 \u00a0 \u00a0 \u00a0 \u00a0 \u00a0 \u00a0 \u00a0 \u00a0 \u00a0 \u00a0 \u00a0 \u00a0 \u00a0 \u00a0 \u00a0 \u00a0 \u00a0 \u00a0 \u00a0 \u00a0 \u00a0 \u00a0 \u00a0 \u00a0 \u00a0 \u00a0 \u00a0 \u00a0 \u00a0 \u00a0 \u00a0 \u00a0 \u00a0 \u00a0 \u00a0 \u00a0 \u00a0 \u00a0 \u00a0 \u00a0 \u00a0 \u00a0 \u00a0 \u00a0 \u00a0 \u00a0 \u00a0 \u00a0 \u00a0 \u00a0 \u00a0 \u00a0 \u00a0 \u00a0 \u00a0 \u00a0 \u00a0 \u00a0\u00a0<\/strong><\/p>\n<p>Marie Chramostov\u00e1 v na\u0161\u00ed jazykov\u00e9 \u0161kole vyu\u010duje anglick\u00fd jazyk. Vystudovala magistersk\u00fd obor u\u010ditelstv\u00ed anglick\u00e9ho jazyka na Filosofick\u00e9 fakult\u011b Ostravsk\u00e9 univerzity. Je absolventkou \u0159ady vzd\u011bl\u00e1vac\u00edch kurz\u016f ve Velk\u00e9 Brit\u00e1nii a dr\u017eitelkou mezin\u00e1rodn\u011b uzn\u00e1van\u00e9ho certifik\u00e1tu CAE. Od roku 2007 p\u016fsob\u00ed jako lektorka v jazykov\u00fdch \u0161kol\u00e1ch i jako u\u010ditelka na gymn\u00e1ziu. V na\u0161\u00ed jazykov\u00e9 \u0161kole vede jak kurzy pro verejnost, tak individu\u00e1ln\u00ed v\u00fduku.<strong>\u00a0<\/strong><\/p>\n<p><strong>Mgr. Ren\u00e1ta Dlouh\u00e1\u00a0<\/strong><\/p>\n<p>Renata Dlouh\u00e1 v roce 2008 absolvovala magistersk\u00e9 studium angli\u010dtiny na Slezsk\u00e9 univerzit\u011b v Opav\u011b. Ji\u017e od roku 2006 u\u010d\u00ed angli\u010dtinu v r\u016fzn\u00fdch jazykov\u00fdch \u0161kol\u00e1ch (nap\u0159\u00edklad Helen Doron), v\u011bnuje se tak\u00e9 p\u0159ekladatelstv\u00ed (do \u010de\u0161tiny p\u0159elo\u017eila knihu Lindy Grant &#8211;\u00a0<a href=\"http:\/\/www.knihazlin.cz\/track\/nic-nez-saty\">The Clothes on Their Backs \/ Nic ne\u017e \u0161aty\u00a0<\/a>). V \u010dervnu 2003 slo\u017eila st\u00e1tn\u00ed zkou\u0161ku z anglick\u00e9ho jazyka na St\u00e1tn\u00ed jazykov\u00e9 \u0161kole v Opav\u011b. V\u011bnuje se v\u00fduce jak dosp\u011bl\u00fdch, tak tak\u00e9 d\u011bt\u00ed, a to zejm\u00e9na v Hav\u00ed\u0159ov\u011b.<\/p>\n<p><strong>Bc. Luk\u00e1\u0161 Jedlinsk\u00fd\u00a0 \u00a0 \u00a0\u00a0<\/strong><\/p>\n<p>Luk\u00e1\u0161 Jedlinsk\u00fd vyu\u010duje v na\u0161\u00ed jazykov\u00e9 \u0161kole francouz\u0161tinu. Vystudoval francouzsk\u00fd jazyk a literaturu v kombinaci s histori\u00ed na Filozofick\u00e9 fakult\u011b Ostravsk\u00e9 univerzity v Ostrav\u011b. V roce 2009 studoval v zahrani\u010d\u00ed na France Langue v Pa\u0159\u00ed\u017ei a od roku 2010 je dr\u017eitelem mezin\u00e1rodn\u011b uzn\u00e1van\u00e9ho certifik\u00e1tu DELF. Luk\u00e1\u0161 Jedlinsk\u00fd vyu\u010duje francouz\u0161tinu v mal\u00fdch skupink\u00e1ch i individu\u00e1ln\u011b. U\u010d\u00ed zejm\u00e9na ve Fr\u00fddku-M\u00edstku a Fr\u00fddlant\u011b nad Ostravic\u00ed a v sou\u010dcasn\u00e9 dob\u011b t\u00e9\u017e na z\u00e1kladn\u00ed \u0161kole.<\/p>\n<p><strong>Mgr. Lenka Ka\u0148ov\u00e1\u00a0 \u00a0\u00a0<\/strong><\/p>\n<p>Lenka Ka\u0148ov\u00e1 se v na\u0161\u00ed \u0161kole v\u011bnuje v\u00fduce \u010de\u0161tiny pro cizince. Vystudovala Pedagogickou fakultu v Ostrav\u011b, obor \u010desk\u00fd jazyk. Dlouhou dobu pob\u00fdvala v zahranic\u00ed (ve Velk\u00e9 Brit\u00e1nii, Severn\u00edm Irsku a v Austr\u00e1lii), kde se v\u011bnovala jak studiu, tak organizaci kurz\u016f \u010de\u0161tiny pro dosp\u011bl\u00e9 i d\u011bti. Moment\u00e1ln\u011b se v na\u0161\u00ed \u0161kole v\u011bnuje hlavn\u011b individu\u00e1ln\u00ed v\u00fduce cizinc\u016f z r\u016fzn\u00fdch kout\u016f sv\u011bt<\/p>\n<p><strong>Mgr. Dagmar Kopcov\u00e1\u00a0<\/strong><\/p>\n<p>Dagmar Kopcov\u00e1 je lektorkou francouz\u0161tiny. Absolvovala obor u\u010ditelstv\u00ed francouz\u0161tiny na Ostravsk\u00e9 univerzit\u011b a vyu\u010dovala na gymn\u00e1ziu v Ostrav\u011b a Nov\u00e9m Ji\u010d\u00edn\u011b. S v\u00fdukou francouz\u0161tiny m\u00e1 dlouholet\u00e9 zku\u0161enosti. Absolvovala n\u011bkolik st\u00e1\u017e\u00ed ve Francii a je dr\u017eitelkou certifik\u00e1tu pro p\u0159\u00edpravu student\u016f na mezin\u00e1rodn\u00ed zkou\u0161ky DELF\/DALF. V na\u0161\u00ed jazykov\u00e9 \u0161kole u\u010d\u00ed jak dosp\u011bl\u00e9, tak d\u011bti. Moment\u00e1ln\u011b vede tak\u00e9 v\u00fduku po Skypu.<\/p>\n<p><strong>Christopher Zacharia Lameck\u00a0<\/strong><\/p>\n<p>Christopher Zacharia Lameck je p\u016fvodem z Tanzanie. Nyn\u00ed \u017eije ji\u017e del\u0161\u00ed dobu v \u010cesk\u00e9 republice a zab\u00fdv\u00e1 se v\u00fdukou anglick\u00e9ho jazyka. M\u00e1 zku\u0161enosti s v\u00fdukou d\u011bt\u00ed i dosp\u011bl\u00fdch, zamer\u0159uje se hlavn\u011b na konverza\u010dn\u00ed kurzy a t\u00e9\u017e kurzy obchodn\u00ed angli\u010dtiny. Je dr\u017eitelem n\u011bkolika certifik\u00e1t\u016f (Diploma in Business and Legal Studies, Certificate in Introduction to Conversational English a Diploma in Basic English Grammar). Lekce s Chrisem jsou z\u00e1bavn\u00e9 a v jeho hodin\u00e1ch se ur\u010dit\u011b nudit nebudete.<\/p>\n<p><strong>Bc. Jan Mart\u00e1sek\u00a0 \u00a0\u00a0<\/strong><\/p>\n<p>Jan Mart\u00e1sek u\u010d\u00ed angli\u010dtinu od roku 2006. Vystudoval V\u0160B-TU v Ostrave (2008), d\u00e1le studoval na Tamwood International College ve Vancouveru v Kanade (2010). Zam\u011b\u0159uje se na v\u00fduku v mal\u00fdch skupin\u00e1ch, m\u00e1 \u0161irok\u00e9 zku\u0161enosti s v\u00fdukou d\u011bt\u00ed v\u010detn\u011b pedagogick\u00e9 praxe v z\u00e1kladn\u00edm \u0161kolstv\u00ed. Vyu\u010duje zejm\u00e9na v Ostrav\u011b a Fr\u00fddku-M\u00edstku. V roce 2016 z\u00edskal certifik\u00e1t TESOL (Teacher of English to Speakers of Other Languages).<\/p>\n<p><strong>Mgr. Jana \u0158eh\u00e1kov\u00e1<\/strong><\/p>\n<p>Jana \u0158eh\u00e1kov\u00e1 je lektorkou ital\u0161tiny a angli\u010dtiny. Je absolventkou Filosofick\u00e9 fakulty Ostravsk\u00e9 univerzity, kde vystudovala anglick\u00fd jazyk. Italsk\u00fd jazyk studovala na Filosofick\u00e9 fakult\u011b Univerzity Karlovy. Od roku 1994 se zab\u00fdv\u00e1 soukromou v\u00fdukou italsk\u00e9ho a anglick\u00e9ho jazyka, m\u00e1 zku\u0161enosti t\u00e9\u017e s tlumo\u010den\u00edm do ital\u0161tiny.<\/p>\n<p><strong>Bc. Jakub Slez\u00e1k<\/strong><\/p>\n<p>Jakub Slez\u00e1k absolvoval obor \u0161pan\u011blsk\u00e1 filologie na univerzit\u011b Palack\u00e9ho v Olomouci. V letech 2009-2010 studoval na univerzit\u011b Oviedo ve \u0160panelsku v r\u00e1mci univerzitn\u00ed st\u00e1\u017ee Erasmus a pot\u00e9 absolvoval st\u00e1\u017e zam\u011b\u0159enou na praxi Leonardo da Vinci ve m\u011bst\u011b M\u00e1laga. D\u00e1le str\u00e1vil \u010dty\u0159i roky ve Francii, kde se v\u011bnoval francouz\u0161tin\u011b a cestov\u00e1n\u00ed. V na\u0161\u00ed jazykov\u00e9 \u0161kole se moment\u00e1ln\u011b v\u011bnuje individu\u00e1ln\u00ed v\u00fduce.<\/p>\n<p><strong>Mgr. Jakub Voln\u00fd\u00a0 \u00a0\u00a0<\/strong><\/p>\n<p>Dom\u00e9nou Jakuba Voln\u00e9ho je n\u011bm\u010dina. Tento jazyk vystudoval na Slezsk\u00e9 Univerzit\u011b v Opav\u011b (2011). Jako sou\u010d\u00e1st sv\u00e9 jazykov\u00e9 pr\u00edpravy absolvoval studijn\u00ed pobyt na Julius Maximilians Universit\u00e4t v n\u011bmeck\u00e9m W\u00fcrzburgu (Literatur-wissenschaftliches Seminar Sambachshof, kv\u011bten 2010). Jeho kon\u00ed\u010dkem je historie. Vyu\u010duje jak individu\u00e1ln\u011b, tak i mal\u00e9 skupiny, a to zejm\u00e9na ve Fr\u00fddku-M\u00edstku. Moment\u00e1ln\u011b pusob\u00ed jako pedagog na gymn\u00e1ziu. Je schopen u\u010dit i technicky \u010di obchodn\u011b zam\u011b\u0159enou n\u011bm\u010dinu.<\/p>\n<p><strong>Daniela Weissov\u00e1\u00a0 \u00a0 \u00a0<\/strong><\/p>\n<p>Daniela Weissov\u00e1 je anglickou rodilou mluv\u010d\u00ed. Narodila se v Sydney v Austr\u00e1li, kde tak\u00e9 20 let \u017eila. Je dr\u017eitelkou certifik\u00e1tu CELTA (2011), m\u00e1 zku\u0161enosti s v\u00fdukou angli\u010dtiny v\u0161ech v\u011bkov\u00fdch skupin. Vedle \u0159ady jazykov\u00fdch \u0161kol v minulosti pracovala tak\u00e9 jako lektorka angli\u010dtiny na Gymn\u00e1ziu Petra Bezru\u010de ve Fr\u00fddku-M\u00edstku. Mezi jej\u00ed z\u00e1liby pat\u0159\u00ed cestov\u00e1n\u00ed, sport, kultura. Daniela Weissov\u00e1 se zame\u0159uje na konverzaci jak individu\u00e1ln\u00ed, tak ve skupink\u00e1ch. M\u00e1 t\u00e9\u017e bohat\u00e9 zku\u0161enosti s v\u00fdukou d\u011bt\u00ed. Vyu\u010duje ve Fr\u00fddku-M\u00edstku a Ostrav\u011b.<\/p>\n<p><strong>Mgr. Monika Zbr\u00e1nkov\u00e1\u00a0 \u00a0 \u00a0<\/strong><\/p>\n<p>Monika Zbr\u00e1nkov\u00e1 vyu\u010duje angli\u010dtinu a pol\u0161tinu. Vystudovala archeologii na Jagellonsk\u00e9 univerzit\u011b v Krakow\u011b (2001) a anglick\u00fd jazyk a literaturu pro S\u0160 na Filosofick\u00e9 fakult\u011b Ostravsk\u00e9 univerzity. Je dr\u017eitelkou certifik\u00e1t\u016f FCE a CAE. Angli\u010dtinu u\u010d\u00ed od roku 2004. Vyu\u010duje ve Fr\u00fddku-M\u00edstku a Ostrav\u011b.<\/p>\n<h1><\/h1>\n<\/div>\n<\/div>\n<div class=\"post\"><\/div>\n","protected":false},"excerpt":{"rendered":"<p>Mgr. Ilona Martin\u00e1tov\u00e1\u00a0 \u00a0 \u00a0 \u00a0\u00a0 Je mana\u017eerkou na\u0161eho lektorsk\u00e9ho t\u00fdmu a z\u00e1rove\u0148 lektorkou angli\u010dtiny. V\u00fdukou anglick\u00e9ho jazyka se zam\u011b\u0159en\u00edm na vzd\u011bl\u00e1v\u00e1n\u00ed dosp\u011bl\u00fdch se zab\u00fdv\u00e1&hellip;<\/p>\n","protected":false},"author":1,"featured_media":0,"parent":0,"menu_order":0,"comment_status":"closed","ping_status":"closed","template":"","meta":{"footnotes":""},"class_list":["post-59","page","type-page","status-publish","hentry"],"_links":{"self":[{"href":"https:\/\/www.jazykovaskola-im.cz\/index.php\/wp-json\/wp\/v2\/pages\/59","targetHints":{"allow":["GET"]}}],"collection":[{"href":"https:\/\/www.jazykovaskola-im.cz\/index.php\/wp-json\/wp\/v2\/pages"}],"about":[{"href":"https:\/\/www.jazykovaskola-im.cz\/index.php\/wp-json\/wp\/v2\/types\/page"}],"author":[{"embeddable":true,"href":"https:\/\/www.jazykovaskola-im.cz\/index.php\/wp-json\/wp\/v2\/users\/1"}],"replies":[{"embeddable":true,"href":"https:\/\/www.jazykovaskola-im.cz\/index.php\/wp-json\/wp\/v2\/comments?post=59"}],"version-history":[{"count":18,"href":"https:\/\/www.jazykovaskola-im.cz\/index.php\/wp-json\/wp\/v2\/pages\/59\/revisions"}],"predecessor-version":[{"id":317,"href":"https:\/\/www.jazykovaskola-im.cz\/index.php\/wp-json\/wp\/v2\/pages\/59\/revisions\/317"}],"wp:attachment":[{"href":"https:\/\/www.jazykovaskola-im.cz\/index.php\/wp-json\/wp\/v2\/media?parent=59"}],"curies":[{"name":"wp","href":"https:\/\/api.w.org\/{rel}","templated":true}]}}